{"id":49,"date":"2025-02-01T16:35:45","date_gmt":"2025-02-01T21:35:45","guid":{"rendered":"https:\/\/cdcpcanada.ca\/fr\/?page_id=49"},"modified":"2025-03-26T18:13:24","modified_gmt":"2025-03-26T22:13:24","slug":"home-french-version","status":"publish","type":"page","link":"https:\/\/cdcpcanada.ca\/fr\/","title":{"rendered":"HOME FRENCH VERSION"},"content":{"rendered":"","protected":false},"excerpt":{"rendered":"","protected":false},"author":1,"featured_media":0,"parent":0,"menu_order":0,"comment_status":"closed","ping_status":"closed","template":"","meta":{"footnotes":""},"class_list":["post-49","page","type-page","status-publish","hentry"],"yoast_head":"<!-- This site is optimized with the Yoast SEO plugin v27.3 - https:\/\/yoast.com\/product\/yoast-seo-wordpress\/ -->\n<title>Plan canadien de soins dentaires | Trouvez des dentistes agr\u00e9\u00e9s par le PCSD pr\u00e8s de chez vous<\/title>\n<meta name=\"description\" content=\"Chez Fournisseurs de soins dentaires canadiens, nous mettons en relation les Canadiens admissibles avec des dentistes dans le cadre du Plan canadien de soins dentaires.\" \/>\n<meta name=\"robots\" content=\"index, follow, max-snippet:-1, max-image-preview:large, max-video-preview:-1\" \/>\n<link rel=\"canonical\" href=\"https:\/\/cdcpcanada.ca\/fr\/\" \/>\n<meta property=\"og:locale\" content=\"fr_CA\" \/>\n<meta property=\"og:type\" content=\"article\" \/>\n<meta property=\"og:title\" content=\"Plan canadien de soins dentaires | Trouvez des dentistes agr\u00e9\u00e9s par le PCSD pr\u00e8s de chez vous\" \/>\n<meta property=\"og:description\" content=\"Chez Fournisseurs de soins dentaires canadiens, nous mettons en relation les Canadiens admissibles avec des dentistes dans le cadre du Plan canadien de soins dentaires.\" \/>\n<meta property=\"og:url\" content=\"https:\/\/cdcpcanada.ca\/fr\/\" \/>\n<meta property=\"og:site_name\" content=\"Canadian Dental Care Providers\" \/>\n<meta property=\"article:modified_time\" content=\"2025-03-26T22:13:24+00:00\" \/>\n<meta name=\"twitter:card\" content=\"summary_large_image\" \/>\n<meta name=\"twitter:label1\" content=\"Estimation du temps de lecture\" \/>\n\t<meta name=\"twitter:data1\" content=\"12 minutes\" \/>\n<script type=\"application\/ld+json\" class=\"yoast-schema-graph\">{\"@context\":\"https:\\\/\\\/schema.org\",\"@graph\":[{\"@type\":\"WebPage\",\"@id\":\"https:\\\/\\\/cdcpcanada.ca\\\/fr\\\/\",\"url\":\"https:\\\/\\\/cdcpcanada.ca\\\/fr\\\/\",\"name\":\"Plan canadien de soins dentaires | Trouvez des dentistes agr\u00e9\u00e9s par le PCSD pr\u00e8s de chez vous\",\"isPartOf\":{\"@id\":\"https:\\\/\\\/cdcpcanada.ca\\\/fr\\\/#website\"},\"datePublished\":\"2025-02-01T21:35:45+00:00\",\"dateModified\":\"2025-03-26T22:13:24+00:00\",\"description\":\"Chez Fournisseurs de soins dentaires canadiens, nous mettons en relation les Canadiens admissibles avec des dentistes dans le cadre du Plan canadien de soins dentaires.\",\"breadcrumb\":{\"@id\":\"https:\\\/\\\/cdcpcanada.ca\\\/fr\\\/#breadcrumb\"},\"inLanguage\":\"fr-CA\",\"potentialAction\":[{\"@type\":\"ReadAction\",\"target\":[\"https:\\\/\\\/cdcpcanada.ca\\\/fr\\\/\"]}]},{\"@type\":\"BreadcrumbList\",\"@id\":\"https:\\\/\\\/cdcpcanada.ca\\\/fr\\\/#breadcrumb\",\"itemListElement\":[{\"@type\":\"ListItem\",\"position\":1,\"name\":\"Home\",\"item\":\"https:\\\/\\\/cdcpcanada.ca\\\/fr\\\/\"},{\"@type\":\"ListItem\",\"position\":2,\"name\":\"HOME FRENCH VERSION\"}]},{\"@type\":\"WebSite\",\"@id\":\"https:\\\/\\\/cdcpcanada.ca\\\/fr\\\/#website\",\"url\":\"https:\\\/\\\/cdcpcanada.ca\\\/fr\\\/\",\"name\":\"Canadian Dental Care Providers\",\"description\":\"\",\"potentialAction\":[{\"@type\":\"SearchAction\",\"target\":{\"@type\":\"EntryPoint\",\"urlTemplate\":\"https:\\\/\\\/cdcpcanada.ca\\\/fr\\\/?s={search_term_string}\"},\"query-input\":{\"@type\":\"PropertyValueSpecification\",\"valueRequired\":true,\"valueName\":\"search_term_string\"}}],\"inLanguage\":\"fr-CA\"}]}<\/script>\n<!-- \/ Yoast SEO plugin. -->","yoast_head_json":{"title":"Plan canadien de soins dentaires | Trouvez des dentistes agr\u00e9\u00e9s par le PCSD pr\u00e8s de chez vous","description":"Chez Fournisseurs de soins dentaires canadiens, nous mettons en relation les Canadiens admissibles avec des dentistes dans le cadre du Plan canadien de soins dentaires.","robots":{"index":"index","follow":"follow","max-snippet":"max-snippet:-1","max-image-preview":"max-image-preview:large","max-video-preview":"max-video-preview:-1"},"canonical":"https:\/\/cdcpcanada.ca\/fr\/","og_locale":"fr_CA","og_type":"article","og_title":"Plan canadien de soins dentaires | Trouvez des dentistes agr\u00e9\u00e9s par le PCSD pr\u00e8s de chez vous","og_description":"Chez Fournisseurs de soins dentaires canadiens, nous mettons en relation les Canadiens admissibles avec des dentistes dans le cadre du Plan canadien de soins dentaires.","og_url":"https:\/\/cdcpcanada.ca\/fr\/","og_site_name":"Canadian Dental Care Providers","article_modified_time":"2025-03-26T22:13:24+00:00","twitter_card":"summary_large_image","twitter_misc":{"Estimation du temps de lecture":"12 minutes"},"schema":{"@context":"https:\/\/schema.org","@graph":[{"@type":"WebPage","@id":"https:\/\/cdcpcanada.ca\/fr\/","url":"https:\/\/cdcpcanada.ca\/fr\/","name":"Plan canadien de soins dentaires | Trouvez des dentistes agr\u00e9\u00e9s par le PCSD pr\u00e8s de chez vous","isPartOf":{"@id":"https:\/\/cdcpcanada.ca\/fr\/#website"},"datePublished":"2025-02-01T21:35:45+00:00","dateModified":"2025-03-26T22:13:24+00:00","description":"Chez Fournisseurs de soins dentaires canadiens, nous mettons en relation les Canadiens admissibles avec des dentistes dans le cadre du Plan canadien de soins dentaires.","breadcrumb":{"@id":"https:\/\/cdcpcanada.ca\/fr\/#breadcrumb"},"inLanguage":"fr-CA","potentialAction":[{"@type":"ReadAction","target":["https:\/\/cdcpcanada.ca\/fr\/"]}]},{"@type":"BreadcrumbList","@id":"https:\/\/cdcpcanada.ca\/fr\/#breadcrumb","itemListElement":[{"@type":"ListItem","position":1,"name":"Home","item":"https:\/\/cdcpcanada.ca\/fr\/"},{"@type":"ListItem","position":2,"name":"HOME FRENCH VERSION"}]},{"@type":"WebSite","@id":"https:\/\/cdcpcanada.ca\/fr\/#website","url":"https:\/\/cdcpcanada.ca\/fr\/","name":"Canadian Dental Care Providers","description":"","potentialAction":[{"@type":"SearchAction","target":{"@type":"EntryPoint","urlTemplate":"https:\/\/cdcpcanada.ca\/fr\/?s={search_term_string}"},"query-input":{"@type":"PropertyValueSpecification","valueRequired":true,"valueName":"search_term_string"}}],"inLanguage":"fr-CA"}]}},"_links":{"self":[{"href":"https:\/\/cdcpcanada.ca\/fr\/wp-json\/wp\/v2\/pages\/49","targetHints":{"allow":["GET"]}}],"collection":[{"href":"https:\/\/cdcpcanada.ca\/fr\/wp-json\/wp\/v2\/pages"}],"about":[{"href":"https:\/\/cdcpcanada.ca\/fr\/wp-json\/wp\/v2\/types\/page"}],"author":[{"embeddable":true,"href":"https:\/\/cdcpcanada.ca\/fr\/wp-json\/wp\/v2\/users\/1"}],"replies":[{"embeddable":true,"href":"https:\/\/cdcpcanada.ca\/fr\/wp-json\/wp\/v2\/comments?post=49"}],"version-history":[{"count":1,"href":"https:\/\/cdcpcanada.ca\/fr\/wp-json\/wp\/v2\/pages\/49\/revisions"}],"predecessor-version":[{"id":50,"href":"https:\/\/cdcpcanada.ca\/fr\/wp-json\/wp\/v2\/pages\/49\/revisions\/50"}],"wp:attachment":[{"href":"https:\/\/cdcpcanada.ca\/fr\/wp-json\/wp\/v2\/media?parent=49"}],"curies":[{"name":"wp","href":"https:\/\/api.w.org\/{rel}","templated":true}]}}